{"id":32,"date":"2020-04-13T11:18:50","date_gmt":"2020-04-13T09:18:50","guid":{"rendered":"https:\/\/kurs.si\/services\/"},"modified":"2023-08-31T15:30:01","modified_gmt":"2023-08-31T13:30:01","slug":"ugodnosti","status":"publish","type":"page","link":"https:\/\/kurs.si\/?page_id=32","title":{"rendered":"Ugodnosti"},"content":{"rendered":"\t\t<div data-elementor-type=\"wp-page\" data-elementor-id=\"32\" class=\"elementor elementor-32\">\n\t\t\t\t\t\t<section class=\"elementor-section elementor-top-section elementor-element elementor-element-1b0a5d33 elementor-section-boxed elementor-section-height-default elementor-section-height-default\" data-id=\"1b0a5d33\" data-element_type=\"section\" data-e-type=\"section\" data-settings=\"{&quot;background_background&quot;:&quot;classic&quot;}\">\n\t\t\t\t\t\t\t<div class=\"elementor-background-overlay\"><\/div>\n\t\t\t\t\t\t\t<div class=\"elementor-container elementor-column-gap-default\">\n\t\t\t\t\t<div class=\"elementor-column elementor-col-100 elementor-top-column elementor-element elementor-element-1f841ba\" data-id=\"1f841ba\" data-element_type=\"column\" data-e-type=\"column\">\n\t\t\t<div class=\"elementor-widget-wrap elementor-element-populated\">\n\t\t\t\t\t\t<div class=\"elementor-element elementor-element-365ba0bd elementor-widget elementor-widget-heading\" data-id=\"365ba0bd\" data-element_type=\"widget\" data-e-type=\"widget\" data-widget_type=\"heading.default\">\n\t\t\t\t<div class=\"elementor-widget-container\">\n\t\t\t\t\t<h1 class=\"elementor-heading-title elementor-size-default\">Ugodnosti<\/h1>\t\t\t\t<\/div>\n\t\t\t\t<\/div>\n\t\t\t\t\t<\/div>\n\t\t<\/div>\n\t\t\t\t\t<\/div>\n\t\t<\/section>\n\t\t\t\t<section class=\"elementor-section elementor-top-section elementor-element elementor-element-yb2ht1n elementor-section-content-middle elementor-section-boxed elementor-section-height-default elementor-section-height-default\" data-id=\"yb2ht1n\" data-element_type=\"section\" data-e-type=\"section\" data-settings=\"{&quot;background_background&quot;:&quot;classic&quot;}\">\n\t\t\t\t\t\t\t<div class=\"elementor-background-overlay\"><\/div>\n\t\t\t\t\t\t\t<div class=\"elementor-container elementor-column-gap-no\">\n\t\t\t\t\t<div class=\"elementor-column elementor-col-33 elementor-top-column elementor-element elementor-element-00fe61f\" data-id=\"00fe61f\" data-element_type=\"column\" data-e-type=\"column\">\n\t\t\t<div class=\"elementor-widget-wrap elementor-element-populated\">\n\t\t\t\t\t\t<div class=\"elementor-element elementor-element-f0ae45e elementor-widget elementor-widget-image\" data-id=\"f0ae45e\" data-element_type=\"widget\" data-e-type=\"widget\" data-widget_type=\"image.default\">\n\t\t\t\t<div class=\"elementor-widget-container\">\n\t\t\t\t\t\t\t\t\t\t\t\t\t\t\t<img fetchpriority=\"high\" decoding=\"async\" width=\"300\" height=\"247\" src=\"https:\/\/kurs.si\/wp-content\/uploads\/2023\/02\/Stack-of-Books-Clipart-300x247.jpg\" class=\"attachment-medium size-medium wp-image-16620\" alt=\"\" srcset=\"https:\/\/kurs.si\/wp-content\/uploads\/2023\/02\/Stack-of-Books-Clipart-300x247.jpg 300w, https:\/\/kurs.si\/wp-content\/uploads\/2023\/02\/Stack-of-Books-Clipart-728x600.jpg 728w, https:\/\/kurs.si\/wp-content\/uploads\/2023\/02\/Stack-of-Books-Clipart-768x633.jpg 768w, https:\/\/kurs.si\/wp-content\/uploads\/2023\/02\/Stack-of-Books-Clipart.jpg 1136w\" sizes=\"(max-width: 300px) 100vw, 300px\" \/>\t\t\t\t\t\t\t\t\t\t\t\t\t\t\t<\/div>\n\t\t\t\t<\/div>\n\t\t\t\t<div class=\"elementor-element elementor-element-1460afc elementor-widget elementor-widget-heading\" data-id=\"1460afc\" data-element_type=\"widget\" data-e-type=\"widget\" data-widget_type=\"heading.default\">\n\t\t\t\t<div class=\"elementor-widget-container\">\n\t\t\t\t\t<h3 class=\"elementor-heading-title elementor-size-default\">Knji\u017enica<\/h3>\t\t\t\t<\/div>\n\t\t\t\t<\/div>\n\t\t\t\t<div class=\"elementor-element elementor-element-4fe0555 elementor-widget elementor-widget-text-editor\" data-id=\"4fe0555\" data-element_type=\"widget\" data-e-type=\"widget\" data-widget_type=\"text-editor.default\">\n\t\t\t\t<div class=\"elementor-widget-container\">\n\t\t\t\t\t\t\t\t\t<p>Brezpla\u010dna \u010dlanarina v knji\u017enici Janka Glazerja Ru\u0161e<\/p>\t\t\t\t\t\t\t\t<\/div>\n\t\t\t\t<\/div>\n\t\t\t\t\t<\/div>\n\t\t<\/div>\n\t\t\t\t<div class=\"elementor-column elementor-col-33 elementor-top-column elementor-element elementor-element-77f9305\" data-id=\"77f9305\" data-element_type=\"column\" data-e-type=\"column\">\n\t\t\t<div class=\"elementor-widget-wrap elementor-element-populated\">\n\t\t\t\t\t\t<div class=\"elementor-element elementor-element-4d5532e elementor-widget elementor-widget-image\" data-id=\"4d5532e\" data-element_type=\"widget\" data-e-type=\"widget\" data-widget_type=\"image.default\">\n\t\t\t\t<div class=\"elementor-widget-container\">\n\t\t\t\t\t\t\t\t\t\t\t\t\t\t\t<img decoding=\"async\" width=\"612\" height=\"459\" src=\"https:\/\/kurs.si\/wp-content\/uploads\/2023\/02\/istockphoto-1136649339-612x612-1.jpg\" class=\"attachment-large size-large wp-image-16621\" alt=\"\" srcset=\"https:\/\/kurs.si\/wp-content\/uploads\/2023\/02\/istockphoto-1136649339-612x612-1.jpg 612w, https:\/\/kurs.si\/wp-content\/uploads\/2023\/02\/istockphoto-1136649339-612x612-1-300x225.jpg 300w\" sizes=\"(max-width: 612px) 100vw, 612px\" \/>\t\t\t\t\t\t\t\t\t\t\t\t\t\t\t<\/div>\n\t\t\t\t<\/div>\n\t\t\t\t<div class=\"elementor-element elementor-element-79b4a88 elementor-widget elementor-widget-heading\" data-id=\"79b4a88\" data-element_type=\"widget\" data-e-type=\"widget\" data-widget_type=\"heading.default\">\n\t\t\t\t<div class=\"elementor-widget-container\">\n\t\t\t\t\t<h3 class=\"elementor-heading-title elementor-size-default\">\u0160portni park Ru\u0161e<\/h3>\t\t\t\t<\/div>\n\t\t\t\t<\/div>\n\t\t\t\t<div class=\"elementor-element elementor-element-bf20e91 elementor-widget elementor-widget-text-editor\" data-id=\"bf20e91\" data-element_type=\"widget\" data-e-type=\"widget\" data-widget_type=\"text-editor.default\">\n\t\t\t\t<div class=\"elementor-widget-container\">\n\t\t\t\t\t\t\t\t\t<p>Popust pri nakupu polletnih in letnih kart za fitnes ali bazen<\/p>\t\t\t\t\t\t\t\t<\/div>\n\t\t\t\t<\/div>\n\t\t\t\t\t<\/div>\n\t\t<\/div>\n\t\t\t\t<div class=\"elementor-column elementor-col-33 elementor-top-column elementor-element elementor-element-92c59ca\" data-id=\"92c59ca\" data-element_type=\"column\" data-e-type=\"column\">\n\t\t\t<div class=\"elementor-widget-wrap elementor-element-populated\">\n\t\t\t\t\t\t<div class=\"elementor-element elementor-element-d3779df elementor-widget elementor-widget-image\" data-id=\"d3779df\" data-element_type=\"widget\" data-e-type=\"widget\" data-widget_type=\"image.default\">\n\t\t\t\t<div class=\"elementor-widget-container\">\n\t\t\t\t\t\t\t\t\t\t\t\t\t\t\t<img decoding=\"async\" src=\"https:\/\/kurs.si\/wp-content\/uploads\/2023\/02\/27b0468bc10ade669e26472e722d4404-icon-illustrations-printers-1.jpg\" title=\"27b0468bc10ade669e26472e722d4404&#8211;icon-illustrations-printers\" alt=\"27b0468bc10ade669e26472e722d4404--icon-illustrations-printers\" loading=\"lazy\" \/>\t\t\t\t\t\t\t\t\t\t\t\t\t\t\t<\/div>\n\t\t\t\t<\/div>\n\t\t\t\t<div class=\"elementor-element elementor-element-2f547cd elementor-widget elementor-widget-heading\" data-id=\"2f547cd\" data-element_type=\"widget\" data-e-type=\"widget\" data-widget_type=\"heading.default\">\n\t\t\t\t<div class=\"elementor-widget-container\">\n\t\t\t\t\t<h3 class=\"elementor-heading-title elementor-size-default\">Tiskanje<\/h3>\t\t\t\t<\/div>\n\t\t\t\t<\/div>\n\t\t\t\t<div class=\"elementor-element elementor-element-0a3ffde elementor-widget elementor-widget-text-editor\" data-id=\"0a3ffde\" data-element_type=\"widget\" data-e-type=\"widget\" data-widget_type=\"text-editor.default\">\n\t\t\t\t<div class=\"elementor-widget-container\">\n\t\t\t\t\t\t\t\t\t<p>Brezpla\u010dno tiskanje v \u010dasu uradnih ur<\/p>\t\t\t\t\t\t\t\t<\/div>\n\t\t\t\t<\/div>\n\t\t\t\t\t<\/div>\n\t\t<\/div>\n\t\t\t\t\t<\/div>\n\t\t<\/section>\n\t\t\t\t<section class=\"elementor-section elementor-top-section elementor-element elementor-element-11c9b5e elementor-section-content-middle elementor-section-boxed elementor-section-height-default elementor-section-height-default\" data-id=\"11c9b5e\" data-element_type=\"section\" data-e-type=\"section\" data-settings=\"{&quot;background_background&quot;:&quot;classic&quot;}\">\n\t\t\t\t\t\t<div class=\"elementor-container elementor-column-gap-no\">\n\t\t\t\t\t<div class=\"elementor-column elementor-col-100 elementor-top-column elementor-element elementor-element-8712de8\" data-id=\"8712de8\" data-element_type=\"column\" data-e-type=\"column\">\n\t\t\t<div class=\"elementor-widget-wrap elementor-element-populated\">\n\t\t\t\t\t\t<div class=\"elementor-element elementor-element-a18c796 elementor-widget elementor-widget-image-box\" data-id=\"a18c796\" data-element_type=\"widget\" data-e-type=\"widget\" data-widget_type=\"image-box.default\">\n\t\t\t\t<div class=\"elementor-widget-container\">\n\t\t\t\t\t<div class=\"elementor-image-box-wrapper\"><div class=\"elementor-image-box-content\"><h2 class=\"elementor-image-box-title\">F.A.Q.<\/h2><\/div><\/div>\t\t\t\t<\/div>\n\t\t\t\t<\/div>\n\t\t\t\t<div class=\"elementor-element elementor-element-a8f902c elementor-widget elementor-widget-toggle\" data-id=\"a8f902c\" data-element_type=\"widget\" data-e-type=\"widget\" data-widget_type=\"toggle.default\">\n\t\t\t\t<div class=\"elementor-widget-container\">\n\t\t\t\t\t\t\t<div class=\"elementor-toggle\">\n\t\t\t\t\t\t\t<div class=\"elementor-toggle-item\">\n\t\t\t\t\t<div id=\"elementor-tab-title-1771\" class=\"elementor-tab-title\" data-tab=\"1\" role=\"button\" aria-controls=\"elementor-tab-content-1771\" aria-expanded=\"false\">\n\t\t\t\t\t\t\t\t\t\t\t\t<span class=\"elementor-toggle-icon elementor-toggle-icon-right\" aria-hidden=\"true\">\n\t\t\t\t\t\t\t\t\t\t\t\t\t\t\t<span class=\"elementor-toggle-icon-closed\"><i class=\"fas fa-caret-right\"><\/i><\/span>\n\t\t\t\t\t\t\t\t<span class=\"elementor-toggle-icon-opened\"><i class=\"elementor-toggle-icon-opened fas fa-caret-up\"><\/i><\/span>\n\t\t\t\t\t\t\t\t\t\t\t\t\t<\/span>\n\t\t\t\t\t\t\t\t\t\t\t\t<a class=\"elementor-toggle-title\" tabindex=\"0\">Kako pridobim brezpla\u010dno \u010dlanstvo v knji\u017enici?<\/a>\n\t\t\t\t\t<\/div>\n\n\t\t\t\t\t<div id=\"elementor-tab-content-1771\" class=\"elementor-tab-content elementor-clearfix\" data-tab=\"1\" role=\"region\" aria-labelledby=\"elementor-tab-title-1771\"><p>Naprej se v\u010dlanim, nato prevzamem v \u010dasu uradnih ur svojo \u010dlansko izkaznico s katero lahko v knji\u017enjici uredim \u010dlanarino.<\/p><\/div>\n\t\t\t\t<\/div>\n\t\t\t\t\t\t\t<div class=\"elementor-toggle-item\">\n\t\t\t\t\t<div id=\"elementor-tab-title-1772\" class=\"elementor-tab-title\" data-tab=\"2\" role=\"button\" aria-controls=\"elementor-tab-content-1772\" aria-expanded=\"false\">\n\t\t\t\t\t\t\t\t\t\t\t\t<span class=\"elementor-toggle-icon elementor-toggle-icon-right\" aria-hidden=\"true\">\n\t\t\t\t\t\t\t\t\t\t\t\t\t\t\t<span class=\"elementor-toggle-icon-closed\"><i class=\"fas fa-caret-right\"><\/i><\/span>\n\t\t\t\t\t\t\t\t<span class=\"elementor-toggle-icon-opened\"><i class=\"elementor-toggle-icon-opened fas fa-caret-up\"><\/i><\/span>\n\t\t\t\t\t\t\t\t\t\t\t\t\t<\/span>\n\t\t\t\t\t\t\t\t\t\t\t\t<a class=\"elementor-toggle-title\" tabindex=\"0\">Kako dobim popust za fitnes in bazen?<\/a>\n\t\t\t\t\t<\/div>\n\n\t\t\t\t\t<div id=\"elementor-tab-content-1772\" class=\"elementor-tab-content elementor-clearfix\" data-tab=\"2\" role=\"region\" aria-labelledby=\"elementor-tab-title-1772\"><p>Naprej se v\u010dlanim, nato prevzamem v \u010dasu uradnih ur svojo \u010dlansko izkaznico s katero lahko v \u0161portnem parku Ru\u0161e uveljavljam popust na polletne in letne karte.<\/p><\/div>\n\t\t\t\t<\/div>\n\t\t\t\t\t\t\t<div class=\"elementor-toggle-item\">\n\t\t\t\t\t<div id=\"elementor-tab-title-1773\" class=\"elementor-tab-title\" data-tab=\"3\" role=\"button\" aria-controls=\"elementor-tab-content-1773\" aria-expanded=\"false\">\n\t\t\t\t\t\t\t\t\t\t\t\t<span class=\"elementor-toggle-icon elementor-toggle-icon-right\" aria-hidden=\"true\">\n\t\t\t\t\t\t\t\t\t\t\t\t\t\t\t<span class=\"elementor-toggle-icon-closed\"><i class=\"fas fa-caret-right\"><\/i><\/span>\n\t\t\t\t\t\t\t\t<span class=\"elementor-toggle-icon-opened\"><i class=\"elementor-toggle-icon-opened fas fa-caret-up\"><\/i><\/span>\n\t\t\t\t\t\t\t\t\t\t\t\t\t<\/span>\n\t\t\t\t\t\t\t\t\t\t\t\t<a class=\"elementor-toggle-title\" tabindex=\"0\">Kje lahko brezpla\u010dno tiskam?<\/a>\n\t\t\t\t\t<\/div>\n\n\t\t\t\t\t<div id=\"elementor-tab-content-1773\" class=\"elementor-tab-content elementor-clearfix\" data-tab=\"3\" role=\"region\" aria-labelledby=\"elementor-tab-title-1773\"><p>Brezpla\u010dno lahko tiska\u0161 v klubski pisarni, va \u010dasu uradnim ur.<\/p><\/div>\n\t\t\t\t<\/div>\n\t\t\t\t\t\t\t\t<\/div>\n\t\t\t\t\t\t<\/div>\n\t\t\t\t<\/div>\n\t\t\t\t\t<\/div>\n\t\t<\/div>\n\t\t\t\t\t<\/div>\n\t\t<\/section>\n\t\t\t\t<\/div>\n\t\t","protected":false},"excerpt":{"rendered":"<p>Ugodnosti Knji\u017enica Kinzig in der Bulau \u2013 Kastell &#8211; Fitness &#8211; Spielplatz Loop from Lamboy | excursion | komoot turinabol machine pilates market: fine-tunes the main opportunities, trends, drivers and challenges &#8211; peak pilates, vitality4life, sivan health and fitness, tone pilates \u2014 archana s Brezpla\u010dna \u010dlanarina v knji\u017enici Janka Glazerja Ru\u0161e \u0160portni park Ru\u0161e Popust [&hellip;]<\/p>\n","protected":false},"author":422,"featured_media":0,"parent":0,"menu_order":0,"comment_status":"closed","ping_status":"closed","template":"","meta":{"site-sidebar-layout":"no-sidebar","site-content-layout":"page-builder","ast-site-content-layout":"full-width-container","site-content-style":"unboxed","site-sidebar-style":"unboxed","ast-global-header-display":"","ast-banner-title-visibility":"","ast-main-header-display":"","ast-hfb-above-header-display":"","ast-hfb-below-header-display":"","ast-hfb-mobile-header-display":"","site-post-title":"disabled","ast-breadcrumbs-content":"","ast-featured-img":"","footer-sml-layout":"","ast-disable-related-posts":"","theme-transparent-header-meta":"enabled","adv-header-id-meta":"","stick-header-meta":"","header-above-stick-meta":"","header-main-stick-meta":"","header-below-stick-meta":"","astra-migrate-meta-layouts":"set","ast-page-background-enabled":"default","ast-page-background-meta":{"desktop":{"background-color":"","background-image":"","background-repeat":"repeat","background-position":"center center","background-size":"auto","background-attachment":"scroll","background-type":"","background-media":"","overlay-type":"","overlay-color":"","overlay-opacity":"","overlay-gradient":""},"tablet":{"background-color":"","background-image":"","background-repeat":"repeat","background-position":"center center","background-size":"auto","background-attachment":"scroll","background-type":"","background-media":"","overlay-type":"","overlay-color":"","overlay-opacity":"","overlay-gradient":""},"mobile":{"background-color":"","background-image":"","background-repeat":"repeat","background-position":"center center","background-size":"auto","background-attachment":"scroll","background-type":"","background-media":"","overlay-type":"","overlay-color":"","overlay-opacity":"","overlay-gradient":""}},"ast-content-background-meta":{"desktop":{"background-color":"var(--ast-global-color-5)","background-image":"","background-repeat":"repeat","background-position":"center center","background-size":"auto","background-attachment":"scroll","background-type":"","background-media":"","overlay-type":"","overlay-color":"","overlay-opacity":"","overlay-gradient":""},"tablet":{"background-color":"var(--ast-global-color-5)","background-image":"","background-repeat":"repeat","background-position":"center center","background-size":"auto","background-attachment":"scroll","background-type":"","background-media":"","overlay-type":"","overlay-color":"","overlay-opacity":"","overlay-gradient":""},"mobile":{"background-color":"var(--ast-global-color-5)","background-image":"","background-repeat":"repeat","background-position":"center center","background-size":"auto","background-attachment":"scroll","background-type":"","background-media":"","overlay-type":"","overlay-color":"","overlay-opacity":"","overlay-gradient":""}},"footnotes":""},"class_list":["post-32","page","type-page","status-publish","hentry"],"yoast_head":"<!-- This site is optimized with the Yoast SEO plugin v27.6 - https:\/\/yoast.com\/product\/yoast-seo-wordpress\/ -->\n<title>Ugodnosti - Kurs<\/title>\n<meta name=\"robots\" content=\"index, follow, max-snippet:-1, max-image-preview:large, max-video-preview:-1\" \/>\n<link rel=\"canonical\" href=\"https:\/\/kurs.si\/?page_id=32\" \/>\n<meta name=\"twitter:card\" content=\"summary_large_image\" \/>\n<meta name=\"twitter:title\" content=\"Ugodnosti - Kurs\" \/>\n<meta name=\"twitter:description\" content=\"Ugodnosti Knji\u017enica Kinzig in der Bulau \u2013 Kastell &#8211; Fitness &#8211; Spielplatz Loop from Lamboy | excursion | komoot turinabol machine pilates market: fine-tunes the main opportunities, trends, drivers and challenges &#8211; peak pilates, vitality4life, sivan health and fitness, tone pilates \u2014 archana s Brezpla\u010dna \u010dlanarina v knji\u017enici Janka Glazerja Ru\u0161e \u0160portni park Ru\u0161e Popust [&hellip;]\" \/>\n<meta name=\"twitter:image\" content=\"https:\/\/kurs.si\/wp-content\/uploads\/2023\/02\/Stack-of-Books-Clipart.jpg\" \/>\n<meta name=\"twitter:label1\" content=\"Est. reading time\" \/>\n\t<meta name=\"twitter:data1\" content=\"2 minuti\" \/>\n<script type=\"application\/ld+json\" class=\"yoast-schema-graph\">{\"@context\":\"https:\\\/\\\/schema.org\",\"@graph\":[{\"@type\":\"WebPage\",\"@id\":\"https:\\\/\\\/kurs.si\\\/?page_id=32\",\"url\":\"https:\\\/\\\/kurs.si\\\/?page_id=32\",\"name\":\"Ugodnosti - Kurs\",\"isPartOf\":{\"@id\":\"https:\\\/\\\/kurs.si\\\/#website\"},\"primaryImageOfPage\":{\"@id\":\"https:\\\/\\\/kurs.si\\\/?page_id=32#primaryimage\"},\"image\":{\"@id\":\"https:\\\/\\\/kurs.si\\\/?page_id=32#primaryimage\"},\"thumbnailUrl\":\"https:\\\/\\\/kurs.si\\\/wp-content\\\/uploads\\\/2023\\\/02\\\/Stack-of-Books-Clipart-300x247.jpg\",\"datePublished\":\"2020-04-13T09:18:50+00:00\",\"dateModified\":\"2023-08-31T13:30:01+00:00\",\"breadcrumb\":{\"@id\":\"https:\\\/\\\/kurs.si\\\/?page_id=32#breadcrumb\"},\"inLanguage\":\"sl-SI\",\"potentialAction\":[{\"@type\":\"ReadAction\",\"target\":[\"https:\\\/\\\/kurs.si\\\/?page_id=32\"]}]},{\"@type\":\"ImageObject\",\"inLanguage\":\"sl-SI\",\"@id\":\"https:\\\/\\\/kurs.si\\\/?page_id=32#primaryimage\",\"url\":\"https:\\\/\\\/kurs.si\\\/wp-content\\\/uploads\\\/2023\\\/02\\\/Stack-of-Books-Clipart.jpg\",\"contentUrl\":\"https:\\\/\\\/kurs.si\\\/wp-content\\\/uploads\\\/2023\\\/02\\\/Stack-of-Books-Clipart.jpg\",\"width\":1136,\"height\":936},{\"@type\":\"BreadcrumbList\",\"@id\":\"https:\\\/\\\/kurs.si\\\/?page_id=32#breadcrumb\",\"itemListElement\":[{\"@type\":\"ListItem\",\"position\":1,\"name\":\"Home\",\"item\":\"https:\\\/\\\/kurs.si\\\/\"},{\"@type\":\"ListItem\",\"position\":2,\"name\":\"Ugodnosti\"}]},{\"@type\":\"WebSite\",\"@id\":\"https:\\\/\\\/kurs.si\\\/#website\",\"url\":\"https:\\\/\\\/kurs.si\\\/\",\"name\":\"Kurs\",\"description\":\"Klub &scaron;tudentov Ru&scaron;, Selnice in lovrenca\",\"publisher\":{\"@id\":\"https:\\\/\\\/kurs.si\\\/#organization\"},\"potentialAction\":[{\"@type\":\"SearchAction\",\"target\":{\"@type\":\"EntryPoint\",\"urlTemplate\":\"https:\\\/\\\/kurs.si\\\/?s={search_term_string}\"},\"query-input\":{\"@type\":\"PropertyValueSpecification\",\"valueRequired\":true,\"valueName\":\"search_term_string\"}}],\"inLanguage\":\"sl-SI\"},{\"@type\":\"Organization\",\"@id\":\"https:\\\/\\\/kurs.si\\\/#organization\",\"name\":\"Klub \u0161tudentov Ru\u0161, selnice in Lovrenca\",\"url\":\"https:\\\/\\\/kurs.si\\\/\",\"logo\":{\"@type\":\"ImageObject\",\"inLanguage\":\"sl-SI\",\"@id\":\"https:\\\/\\\/kurs.si\\\/#\\\/schema\\\/logo\\\/image\\\/\",\"url\":\"https:\\\/\\\/kurs.si\\\/wp-content\\\/uploads\\\/2021\\\/12\\\/cropped-cropped-Kurs-logotip-2.png\",\"contentUrl\":\"https:\\\/\\\/kurs.si\\\/wp-content\\\/uploads\\\/2021\\\/12\\\/cropped-cropped-Kurs-logotip-2.png\",\"width\":250,\"height\":250,\"caption\":\"Klub \u0161tudentov Ru\u0161, selnice in Lovrenca\"},\"image\":{\"@id\":\"https:\\\/\\\/kurs.si\\\/#\\\/schema\\\/logo\\\/image\\\/\"},\"sameAs\":[\"https:\\\/\\\/www.facebook.com\\\/klubKURS\",\"https:\\\/\\\/www.instagram.com\\\/kursklub\\\/\"]}]}<\/script>\n<!-- \/ Yoast SEO plugin. -->","yoast_head_json":{"title":"Ugodnosti - Kurs","robots":{"index":"index","follow":"follow","max-snippet":"max-snippet:-1","max-image-preview":"max-image-preview:large","max-video-preview":"max-video-preview:-1"},"canonical":"https:\/\/kurs.si\/?page_id=32","twitter_card":"summary_large_image","twitter_title":"Ugodnosti - Kurs","twitter_description":"Ugodnosti Knji\u017enica Kinzig in der Bulau \u2013 Kastell &#8211; Fitness &#8211; Spielplatz Loop from Lamboy | excursion | komoot turinabol machine pilates market: fine-tunes the main opportunities, trends, drivers and challenges &#8211; peak pilates, vitality4life, sivan health and fitness, tone pilates \u2014 archana s Brezpla\u010dna \u010dlanarina v knji\u017enici Janka Glazerja Ru\u0161e \u0160portni park Ru\u0161e Popust [&hellip;]","twitter_image":"https:\/\/kurs.si\/wp-content\/uploads\/2023\/02\/Stack-of-Books-Clipart.jpg","twitter_misc":{"Est. reading time":"2 minuti"},"schema":{"@context":"https:\/\/schema.org","@graph":[{"@type":"WebPage","@id":"https:\/\/kurs.si\/?page_id=32","url":"https:\/\/kurs.si\/?page_id=32","name":"Ugodnosti - Kurs","isPartOf":{"@id":"https:\/\/kurs.si\/#website"},"primaryImageOfPage":{"@id":"https:\/\/kurs.si\/?page_id=32#primaryimage"},"image":{"@id":"https:\/\/kurs.si\/?page_id=32#primaryimage"},"thumbnailUrl":"https:\/\/kurs.si\/wp-content\/uploads\/2023\/02\/Stack-of-Books-Clipart-300x247.jpg","datePublished":"2020-04-13T09:18:50+00:00","dateModified":"2023-08-31T13:30:01+00:00","breadcrumb":{"@id":"https:\/\/kurs.si\/?page_id=32#breadcrumb"},"inLanguage":"sl-SI","potentialAction":[{"@type":"ReadAction","target":["https:\/\/kurs.si\/?page_id=32"]}]},{"@type":"ImageObject","inLanguage":"sl-SI","@id":"https:\/\/kurs.si\/?page_id=32#primaryimage","url":"https:\/\/kurs.si\/wp-content\/uploads\/2023\/02\/Stack-of-Books-Clipart.jpg","contentUrl":"https:\/\/kurs.si\/wp-content\/uploads\/2023\/02\/Stack-of-Books-Clipart.jpg","width":1136,"height":936},{"@type":"BreadcrumbList","@id":"https:\/\/kurs.si\/?page_id=32#breadcrumb","itemListElement":[{"@type":"ListItem","position":1,"name":"Home","item":"https:\/\/kurs.si\/"},{"@type":"ListItem","position":2,"name":"Ugodnosti"}]},{"@type":"WebSite","@id":"https:\/\/kurs.si\/#website","url":"https:\/\/kurs.si\/","name":"Kurs","description":"Klub &scaron;tudentov Ru&scaron;, Selnice in lovrenca","publisher":{"@id":"https:\/\/kurs.si\/#organization"},"potentialAction":[{"@type":"SearchAction","target":{"@type":"EntryPoint","urlTemplate":"https:\/\/kurs.si\/?s={search_term_string}"},"query-input":{"@type":"PropertyValueSpecification","valueRequired":true,"valueName":"search_term_string"}}],"inLanguage":"sl-SI"},{"@type":"Organization","@id":"https:\/\/kurs.si\/#organization","name":"Klub \u0161tudentov Ru\u0161, selnice in Lovrenca","url":"https:\/\/kurs.si\/","logo":{"@type":"ImageObject","inLanguage":"sl-SI","@id":"https:\/\/kurs.si\/#\/schema\/logo\/image\/","url":"https:\/\/kurs.si\/wp-content\/uploads\/2021\/12\/cropped-cropped-Kurs-logotip-2.png","contentUrl":"https:\/\/kurs.si\/wp-content\/uploads\/2021\/12\/cropped-cropped-Kurs-logotip-2.png","width":250,"height":250,"caption":"Klub \u0161tudentov Ru\u0161, selnice in Lovrenca"},"image":{"@id":"https:\/\/kurs.si\/#\/schema\/logo\/image\/"},"sameAs":["https:\/\/www.facebook.com\/klubKURS","https:\/\/www.instagram.com\/kursklub\/"]}]}},"_links":{"self":[{"href":"https:\/\/kurs.si\/index.php?rest_route=\/wp\/v2\/pages\/32","targetHints":{"allow":["GET"]}}],"collection":[{"href":"https:\/\/kurs.si\/index.php?rest_route=\/wp\/v2\/pages"}],"about":[{"href":"https:\/\/kurs.si\/index.php?rest_route=\/wp\/v2\/types\/page"}],"author":[{"embeddable":true,"href":"https:\/\/kurs.si\/index.php?rest_route=\/wp\/v2\/users\/422"}],"replies":[{"embeddable":true,"href":"https:\/\/kurs.si\/index.php?rest_route=%2Fwp%2Fv2%2Fcomments&post=32"}],"version-history":[{"count":0,"href":"https:\/\/kurs.si\/index.php?rest_route=\/wp\/v2\/pages\/32\/revisions"}],"wp:attachment":[{"href":"https:\/\/kurs.si\/index.php?rest_route=%2Fwp%2Fv2%2Fmedia&parent=32"}],"curies":[{"name":"wp","href":"https:\/\/api.w.org\/{rel}","templated":true}]}}