{"id":30,"date":"2020-04-13T11:18:54","date_gmt":"2020-04-13T09:18:54","guid":{"rendered":"https:\/\/kurs.si\/home\/"},"modified":"2024-04-12T16:43:18","modified_gmt":"2024-04-12T14:43:18","slug":"domov","status":"publish","type":"page","link":"https:\/\/kurs.si\/","title":{"rendered":"Domov"},"content":{"rendered":"\t\t<div data-elementor-type=\"wp-page\" data-elementor-id=\"30\" class=\"elementor elementor-30\">\n\t\t\t\t\t\t<section class=\"elementor-section elementor-top-section elementor-element elementor-element-5939a86c elementor-section-height-min-height elementor-section-boxed elementor-section-height-default elementor-section-items-middle\" data-id=\"5939a86c\" data-element_type=\"section\" data-e-type=\"section\" data-settings=\"{&quot;background_background&quot;:&quot;classic&quot;}\">\n\t\t\t\t\t\t\t<div class=\"elementor-background-overlay\"><\/div>\n\t\t\t\t\t\t\t<div class=\"elementor-container elementor-column-gap-no\">\n\t\t\t\t\t<div class=\"elementor-column elementor-col-100 elementor-top-column elementor-element elementor-element-6f6a47a9\" data-id=\"6f6a47a9\" data-element_type=\"column\" data-e-type=\"column\">\n\t\t\t<div class=\"elementor-widget-wrap elementor-element-populated\">\n\t\t\t\t\t\t<div class=\"elementor-element elementor-element-da98eec elementor-widget elementor-widget-image-box\" data-id=\"da98eec\" data-element_type=\"widget\" data-e-type=\"widget\" data-widget_type=\"image-box.default\">\n\t\t\t\t<div class=\"elementor-widget-container\">\n\t\t\t\t\t<div class=\"elementor-image-box-wrapper\"><div class=\"elementor-image-box-content\"><h1 class=\"elementor-image-box-title\">PRIDRU\u017dI SE NAM!<\/h1><\/div><\/div>\t\t\t\t<\/div>\n\t\t\t\t<\/div>\n\t\t\t\t<section class=\"elementor-section elementor-inner-section elementor-element elementor-element-143e9c37 elementor-section-boxed elementor-section-height-default elementor-section-height-default\" data-id=\"143e9c37\" data-element_type=\"section\" data-e-type=\"section\">\n\t\t\t\t\t\t<div class=\"elementor-container elementor-column-gap-no\">\n\t\t\t\t\t<div class=\"elementor-column elementor-col-100 elementor-inner-column elementor-element elementor-element-5acde085\" data-id=\"5acde085\" data-element_type=\"column\" data-e-type=\"column\">\n\t\t\t<div class=\"elementor-widget-wrap elementor-element-populated\">\n\t\t\t\t\t\t<div class=\"elementor-element elementor-element-31fcced2 elementor-align-center elementor-mobile-align-center elementor-widget elementor-widget-button\" data-id=\"31fcced2\" data-element_type=\"widget\" data-e-type=\"widget\" data-widget_type=\"button.default\">\n\t\t\t\t<div class=\"elementor-widget-container\">\n\t\t\t\t\t\t\t\t\t<div class=\"elementor-button-wrapper\">\n\t\t\t\t\t<a class=\"elementor-button elementor-button-link elementor-size-lg\" href=\"https:\/\/kurs.si\/o-klubu-2\/\">\n\t\t\t\t\t\t<span class=\"elementor-button-content-wrapper\">\n\t\t\t\t\t\t\t\t\t<span class=\"elementor-button-text\">O Klubu<\/span>\n\t\t\t\t\t<\/span>\n\t\t\t\t\t<\/a>\n\t\t\t\t<\/div>\n\t\t\t\t\t\t\t\t<\/div>\n\t\t\t\t<\/div>\n\t\t\t\t\t<\/div>\n\t\t<\/div>\n\t\t\t\t\t<\/div>\n\t\t<\/section>\n\t\t\t\t\t<\/div>\n\t\t<\/div>\n\t\t\t\t\t<\/div>\n\t\t<\/section>\n\t\t\t\t<section class=\"elementor-section elementor-top-section elementor-element elementor-element-hakfvem elementor-section-boxed elementor-section-height-default elementor-section-height-default\" data-id=\"hakfvem\" data-element_type=\"section\" data-e-type=\"section\">\n\t\t\t\t\t\t<div class=\"elementor-container elementor-column-gap-no\">\n\t\t\t\t\t<div class=\"elementor-column elementor-col-100 elementor-top-column elementor-element elementor-element-730f282\" data-id=\"730f282\" data-element_type=\"column\" data-e-type=\"column\">\n\t\t\t<div class=\"elementor-widget-wrap elementor-element-populated\">\n\t\t\t\t\t\t<section class=\"elementor-section elementor-inner-section elementor-element elementor-element-be5dae5 elementor-section-content-middle elementor-section-boxed elementor-section-height-default elementor-section-height-default\" data-id=\"be5dae5\" data-element_type=\"section\" data-e-type=\"section\">\n\t\t\t\t\t\t<div class=\"elementor-container elementor-column-gap-no\">\n\t\t\t\t\t<div class=\"elementor-column elementor-col-66 elementor-inner-column elementor-element elementor-element-956409c\" data-id=\"956409c\" data-element_type=\"column\" data-e-type=\"column\">\n\t\t\t<div class=\"elementor-widget-wrap elementor-element-populated\">\n\t\t\t\t\t\t<div class=\"elementor-element elementor-element-d1ee831 elementor-widget elementor-widget-image\" data-id=\"d1ee831\" data-element_type=\"widget\" data-e-type=\"widget\" data-widget_type=\"image.default\">\n\t\t\t\t<div class=\"elementor-widget-container\">\n\t\t\t\t\t\t\t\t\t\t\t\t\t\t\t<img fetchpriority=\"high\" decoding=\"async\" width=\"1605\" height=\"1080\" src=\"https:\/\/kurs.si\/wp-content\/uploads\/2023\/02\/Untitled-1.png\" class=\"attachment-2048x2048 size-2048x2048 wp-image-16675\" alt=\"\" srcset=\"https:\/\/kurs.si\/wp-content\/uploads\/2023\/02\/Untitled-1.png 1605w, https:\/\/kurs.si\/wp-content\/uploads\/2023\/02\/Untitled-1-300x202.png 300w, https:\/\/kurs.si\/wp-content\/uploads\/2023\/02\/Untitled-1-800x538.png 800w, https:\/\/kurs.si\/wp-content\/uploads\/2023\/02\/Untitled-1-768x517.png 768w, https:\/\/kurs.si\/wp-content\/uploads\/2023\/02\/Untitled-1-1536x1034.png 1536w\" sizes=\"(max-width: 1605px) 100vw, 1605px\" \/>\t\t\t\t\t\t\t\t\t\t\t\t\t\t\t<\/div>\n\t\t\t\t<\/div>\n\t\t\t\t\t<\/div>\n\t\t<\/div>\n\t\t\t\t<div class=\"elementor-column elementor-col-33 elementor-inner-column elementor-element elementor-element-c8e4280\" data-id=\"c8e4280\" data-element_type=\"column\" data-e-type=\"column\" data-settings=\"{&quot;background_background&quot;:&quot;classic&quot;}\">\n\t\t\t<div class=\"elementor-widget-wrap elementor-element-populated\">\n\t\t\t\t\t\t<div class=\"elementor-element elementor-element-e78335d elementor-widget elementor-widget-heading\" data-id=\"e78335d\" data-element_type=\"widget\" data-e-type=\"widget\" data-widget_type=\"heading.default\">\n\t\t\t\t<div class=\"elementor-widget-container\">\n\t\t\t\t\t<h3 class=\"elementor-heading-title elementor-size-default\">Novice &amp; Dogodki<\/h3>\t\t\t\t<\/div>\n\t\t\t\t<\/div>\n\t\t\t\t<div class=\"elementor-element elementor-element-1b65755 elementor-widget-divider--view-line elementor-widget elementor-widget-divider\" data-id=\"1b65755\" data-element_type=\"widget\" data-e-type=\"widget\" data-widget_type=\"divider.default\">\n\t\t\t\t<div class=\"elementor-widget-container\">\n\t\t\t\t\t\t\t<div class=\"elementor-divider\">\n\t\t\t<span class=\"elementor-divider-separator\">\n\t\t\t\t\t\t<\/span>\n\t\t<\/div>\n\t\t\t\t\t\t<\/div>\n\t\t\t\t<\/div>\n\t\t\t\t<div class=\"elementor-element elementor-element-51a22ff elementor-widget elementor-widget-text-editor\" data-id=\"51a22ff\" data-element_type=\"widget\" data-e-type=\"widget\" data-widget_type=\"text-editor.default\">\n\t\t\t\t<div class=\"elementor-widget-container\">\n\t\t\t\t\t\t\t\t\t<p>Preveri najnovej\u0161e dogodke in novice.&nbsp;<\/p>\t\t\t\t\t\t\t\t<\/div>\n\t\t\t\t<\/div>\n\t\t\t\t<div class=\"elementor-element elementor-element-5abe362 elementor-align-left elementor-mobile-align-center elementor-widget elementor-widget-button\" data-id=\"5abe362\" data-element_type=\"widget\" data-e-type=\"widget\" data-widget_type=\"button.default\">\n\t\t\t\t<div class=\"elementor-widget-container\">\n\t\t\t\t\t\t\t\t\t<div class=\"elementor-button-wrapper\">\n\t\t\t\t\t<a class=\"elementor-button elementor-button-link elementor-size-sm\" href=\"https:\/\/kurs.si\/novice-dogodki\/\">\n\t\t\t\t\t\t<span class=\"elementor-button-content-wrapper\">\n\t\t\t\t\t\t\t\t\t<span class=\"elementor-button-text\">Preveri zdaj<\/span>\n\t\t\t\t\t<\/span>\n\t\t\t\t\t<\/a>\n\t\t\t\t<\/div>\n\t\t\t\t\t\t\t\t<\/div>\n\t\t\t\t<\/div>\n\t\t\t\t\t<\/div>\n\t\t<\/div>\n\t\t\t\t\t<\/div>\n\t\t<\/section>\n\t\t\t\t<section class=\"elementor-section elementor-inner-section elementor-element elementor-element-3e4e694 elementor-section-content-middle elementor-reverse-tablet elementor-reverse-mobile elementor-section-boxed elementor-section-height-default elementor-section-height-default\" data-id=\"3e4e694\" data-element_type=\"section\" data-e-type=\"section\">\n\t\t\t\t\t\t<div class=\"elementor-container elementor-column-gap-no\">\n\t\t\t\t\t<div class=\"elementor-column elementor-col-33 elementor-inner-column elementor-element elementor-element-d4d12d3\" data-id=\"d4d12d3\" data-element_type=\"column\" data-e-type=\"column\" data-settings=\"{&quot;background_background&quot;:&quot;classic&quot;}\">\n\t\t\t<div class=\"elementor-widget-wrap elementor-element-populated\">\n\t\t\t\t\t\t<div class=\"elementor-element elementor-element-02990d7 elementor-widget elementor-widget-heading\" data-id=\"02990d7\" data-element_type=\"widget\" data-e-type=\"widget\" data-widget_type=\"heading.default\">\n\t\t\t\t<div class=\"elementor-widget-container\">\n\t\t\t\t\t<h3 class=\"elementor-heading-title elementor-size-default\">\u010clanstvo &amp; Ugodnosti<\/h3>\t\t\t\t<\/div>\n\t\t\t\t<\/div>\n\t\t\t\t<div class=\"elementor-element elementor-element-d4e30e0 elementor-widget-divider--view-line elementor-widget elementor-widget-divider\" data-id=\"d4e30e0\" data-element_type=\"widget\" data-e-type=\"widget\" data-widget_type=\"divider.default\">\n\t\t\t\t<div class=\"elementor-widget-container\">\n\t\t\t\t\t\t\t<div class=\"elementor-divider\">\n\t\t\t<span class=\"elementor-divider-separator\">\n\t\t\t\t\t\t<\/span>\n\t\t<\/div>\n\t\t\t\t\t\t<\/div>\n\t\t\t\t<\/div>\n\t\t\t\t<div class=\"elementor-element elementor-element-fdaeba5 elementor-widget elementor-widget-text-editor\" data-id=\"fdaeba5\" data-element_type=\"widget\" data-e-type=\"widget\" data-widget_type=\"text-editor.default\">\n\t\t\t\t<div class=\"elementor-widget-container\">\n\t\t\t\t\t\t\t\t\t<p>V\u010dlani se v klub KURS in preveri katere ugodnosti ti nudimo.<\/p>\t\t\t\t\t\t\t\t<\/div>\n\t\t\t\t<\/div>\n\t\t\t\t<div class=\"elementor-element elementor-element-220d521 elementor-align-right elementor-mobile-align-center elementor-widget elementor-widget-button\" data-id=\"220d521\" data-element_type=\"widget\" data-e-type=\"widget\" data-widget_type=\"button.default\">\n\t\t\t\t<div class=\"elementor-widget-container\">\n\t\t\t\t\t\t\t\t\t<div class=\"elementor-button-wrapper\">\n\t\t\t\t\t<a class=\"elementor-button elementor-button-link elementor-size-sm\" href=\"https:\/\/kurs.si\/clanstvo-ugodnosti\/\">\n\t\t\t\t\t\t<span class=\"elementor-button-content-wrapper\">\n\t\t\t\t\t\t\t\t\t<span class=\"elementor-button-text\">Preveri zdaj<\/span>\n\t\t\t\t\t<\/span>\n\t\t\t\t\t<\/a>\n\t\t\t\t<\/div>\n\t\t\t\t\t\t\t\t<\/div>\n\t\t\t\t<\/div>\n\t\t\t\t\t<\/div>\n\t\t<\/div>\n\t\t\t\t<div class=\"elementor-column elementor-col-66 elementor-inner-column elementor-element elementor-element-22574b9\" data-id=\"22574b9\" data-element_type=\"column\" data-e-type=\"column\">\n\t\t\t<div class=\"elementor-widget-wrap elementor-element-populated\">\n\t\t\t\t\t\t<div class=\"elementor-element elementor-element-681194e elementor-widget elementor-widget-image\" data-id=\"681194e\" data-element_type=\"widget\" data-e-type=\"widget\" data-widget_type=\"image.default\">\n\t\t\t\t<div class=\"elementor-widget-container\">\n\t\t\t\t\t\t\t\t\t\t\t\t\t\t\t<img decoding=\"async\" width=\"800\" height=\"533\" src=\"https:\/\/kurs.si\/wp-content\/uploads\/2023\/02\/office-interior-shutterstock-2-800x533.jpg\" class=\"attachment-large size-large wp-image-16673\" alt=\"\" srcset=\"https:\/\/kurs.si\/wp-content\/uploads\/2023\/02\/office-interior-shutterstock-2-800x533.jpg 800w, https:\/\/kurs.si\/wp-content\/uploads\/2023\/02\/office-interior-shutterstock-2-300x200.jpg 300w, https:\/\/kurs.si\/wp-content\/uploads\/2023\/02\/office-interior-shutterstock-2-768x512.jpg 768w, https:\/\/kurs.si\/wp-content\/uploads\/2023\/02\/office-interior-shutterstock-2-288x192.jpg 288w, https:\/\/kurs.si\/wp-content\/uploads\/2023\/02\/office-interior-shutterstock-2.jpg 1286w\" sizes=\"(max-width: 800px) 100vw, 800px\" \/>\t\t\t\t\t\t\t\t\t\t\t\t\t\t\t<\/div>\n\t\t\t\t<\/div>\n\t\t\t\t\t<\/div>\n\t\t<\/div>\n\t\t\t\t\t<\/div>\n\t\t<\/section>\n\t\t\t\t\t<\/div>\n\t\t<\/div>\n\t\t\t\t\t<\/div>\n\t\t<\/section>\n\t\t\t\t<section class=\"elementor-section elementor-top-section elementor-element elementor-element-dtga3b6 elementor-section-content-middle elementor-section-boxed elementor-section-height-default elementor-section-height-default\" data-id=\"dtga3b6\" data-element_type=\"section\" data-e-type=\"section\">\n\t\t\t\t\t\t<div class=\"elementor-container elementor-column-gap-default\">\n\t\t\t\t\t<div class=\"elementor-column elementor-col-50 elementor-top-column elementor-element elementor-element-40589de\" data-id=\"40589de\" data-element_type=\"column\" data-e-type=\"column\">\n\t\t\t<div class=\"elementor-widget-wrap elementor-element-populated\">\n\t\t\t\t\t\t<div class=\"elementor-element elementor-element-810c404 elementor-widget elementor-widget-heading\" data-id=\"810c404\" data-element_type=\"widget\" data-e-type=\"widget\" data-widget_type=\"heading.default\">\n\t\t\t\t<div class=\"elementor-widget-container\">\n\t\t\t\t\t<h3 class=\"elementor-heading-title elementor-size-default\">Sledi nam na dru\u017ebenih omre\u017ejih<\/h3>\t\t\t\t<\/div>\n\t\t\t\t<\/div>\n\t\t\t\t\t<\/div>\n\t\t<\/div>\n\t\t\t\t<div class=\"elementor-column elementor-col-50 elementor-top-column elementor-element elementor-element-362649e\" data-id=\"362649e\" data-element_type=\"column\" data-e-type=\"column\">\n\t\t\t<div class=\"elementor-widget-wrap elementor-element-populated\">\n\t\t\t\t\t\t<div class=\"elementor-element elementor-element-276bcf2 e-grid-align-right e-grid-align-mobile-center elementor-shape-rounded elementor-grid-0 elementor-widget elementor-widget-social-icons\" data-id=\"276bcf2\" data-element_type=\"widget\" data-e-type=\"widget\" data-widget_type=\"social-icons.default\">\n\t\t\t\t<div class=\"elementor-widget-container\">\n\t\t\t\t\t\t\t<div class=\"elementor-social-icons-wrapper elementor-grid\" role=\"list\">\n\t\t\t\t\t\t\t<span class=\"elementor-grid-item\" role=\"listitem\">\n\t\t\t\t\t<a class=\"elementor-icon elementor-social-icon elementor-social-icon-facebook-f elementor-repeater-item-9df531e\" href=\"https:\/\/www.facebook.com\/klubKURS\/\">\n\t\t\t\t\t\t<span class=\"elementor-screen-only\">Facebook-f<\/span>\n\t\t\t\t\t\t<i aria-hidden=\"true\" class=\"fab fa-facebook-f\"><\/i>\t\t\t\t\t<\/a>\n\t\t\t\t<\/span>\n\t\t\t\t\t\t\t<span class=\"elementor-grid-item\" role=\"listitem\">\n\t\t\t\t\t<a class=\"elementor-icon elementor-social-icon elementor-social-icon-instagram elementor-repeater-item-ca08eef\" href=\"http:\/\/instagram.com\/kursklub\" target=\"_blank\">\n\t\t\t\t\t\t<span class=\"elementor-screen-only\">Instagram<\/span>\n\t\t\t\t\t\t<i aria-hidden=\"true\" class=\"fab fa-instagram\"><\/i>\t\t\t\t\t<\/a>\n\t\t\t\t<\/span>\n\t\t\t\t\t<\/div>\n\t\t\t\t\t\t<\/div>\n\t\t\t\t<\/div>\n\t\t\t\t\t<\/div>\n\t\t<\/div>\n\t\t\t\t\t<\/div>\n\t\t<\/section>\n\t\t\t\t<\/div>\n\t\t","protected":false},"excerpt":{"rendered":"<p>PRIDRU\u017dI SE NAM! O Klubu Novice &amp; Dogodki Preveri najnovej\u0161e dogodke in novice.&nbsp; Preveri zdaj \u010clanstvo &amp; Ugodnosti V\u010dlani se v klub KURS in preveri katere ugodnosti ti nudimo. Preveri zdaj Sledi nam na dru\u017ebenih omre\u017ejih Facebook-f Instagram<\/p>\n","protected":false},"author":422,"featured_media":0,"parent":0,"menu_order":0,"comment_status":"closed","ping_status":"closed","template":"","meta":{"site-sidebar-layout":"no-sidebar","site-content-layout":"page-builder","ast-site-content-layout":"full-width-container","site-content-style":"unboxed","site-sidebar-style":"unboxed","ast-global-header-display":"","ast-banner-title-visibility":"","ast-main-header-display":"","ast-hfb-above-header-display":"","ast-hfb-below-header-display":"","ast-hfb-mobile-header-display":"","site-post-title":"disabled","ast-breadcrumbs-content":"","ast-featured-img":"","footer-sml-layout":"","ast-disable-related-posts":"","theme-transparent-header-meta":"enabled","adv-header-id-meta":"","stick-header-meta":"","header-above-stick-meta":"","header-main-stick-meta":"","header-below-stick-meta":"","astra-migrate-meta-layouts":"set","ast-page-background-enabled":"default","ast-page-background-meta":{"desktop":{"background-color":"","background-image":"","background-repeat":"repeat","background-position":"center center","background-size":"auto","background-attachment":"scroll","background-type":"","background-media":"","overlay-type":"","overlay-color":"","overlay-opacity":"","overlay-gradient":""},"tablet":{"background-color":"","background-image":"","background-repeat":"repeat","background-position":"center center","background-size":"auto","background-attachment":"scroll","background-type":"","background-media":"","overlay-type":"","overlay-color":"","overlay-opacity":"","overlay-gradient":""},"mobile":{"background-color":"","background-image":"","background-repeat":"repeat","background-position":"center center","background-size":"auto","background-attachment":"scroll","background-type":"","background-media":"","overlay-type":"","overlay-color":"","overlay-opacity":"","overlay-gradient":""}},"ast-content-background-meta":{"desktop":{"background-color":"var(--ast-global-color-5)","background-image":"","background-repeat":"repeat","background-position":"center center","background-size":"auto","background-attachment":"scroll","background-type":"","background-media":"","overlay-type":"","overlay-color":"","overlay-opacity":"","overlay-gradient":""},"tablet":{"background-color":"var(--ast-global-color-5)","background-image":"","background-repeat":"repeat","background-position":"center center","background-size":"auto","background-attachment":"scroll","background-type":"","background-media":"","overlay-type":"","overlay-color":"","overlay-opacity":"","overlay-gradient":""},"mobile":{"background-color":"var(--ast-global-color-5)","background-image":"","background-repeat":"repeat","background-position":"center center","background-size":"auto","background-attachment":"scroll","background-type":"","background-media":"","overlay-type":"","overlay-color":"","overlay-opacity":"","overlay-gradient":""}},"footnotes":""},"class_list":["post-30","page","type-page","status-publish","hentry"],"yoast_head":"<!-- This site is optimized with the Yoast SEO plugin v27.6 - https:\/\/yoast.com\/product\/yoast-seo-wordpress\/ -->\n<title>Domov - Kurs<\/title>\n<meta name=\"robots\" content=\"index, follow, max-snippet:-1, max-image-preview:large, max-video-preview:-1\" \/>\n<link rel=\"canonical\" href=\"https:\/\/kurs.si\/\" \/>\n<meta name=\"twitter:card\" content=\"summary_large_image\" \/>\n<meta name=\"twitter:title\" content=\"Domov - Kurs\" \/>\n<meta name=\"twitter:description\" content=\"PRIDRU\u017dI SE NAM! O Klubu Novice &amp; Dogodki Preveri najnovej\u0161e dogodke in novice.&nbsp; Preveri zdaj \u010clanstvo &amp; Ugodnosti V\u010dlani se v klub KURS in preveri katere ugodnosti ti nudimo. Preveri zdaj Sledi nam na dru\u017ebenih omre\u017ejih Facebook-f Instagram\" \/>\n<meta name=\"twitter:image\" content=\"https:\/\/kurs.si\/wp-content\/uploads\/2023\/02\/Untitled-1.png\" \/>\n<meta name=\"twitter:label1\" content=\"Est. reading time\" \/>\n\t<meta name=\"twitter:data1\" content=\"1 minuta\" \/>\n<script type=\"application\/ld+json\" class=\"yoast-schema-graph\">{\"@context\":\"https:\\\/\\\/schema.org\",\"@graph\":[{\"@type\":\"WebPage\",\"@id\":\"https:\\\/\\\/kurs.si\\\/\",\"url\":\"https:\\\/\\\/kurs.si\\\/\",\"name\":\"Domov - Kurs\",\"isPartOf\":{\"@id\":\"https:\\\/\\\/kurs.si\\\/#website\"},\"primaryImageOfPage\":{\"@id\":\"https:\\\/\\\/kurs.si\\\/#primaryimage\"},\"image\":{\"@id\":\"https:\\\/\\\/kurs.si\\\/#primaryimage\"},\"thumbnailUrl\":\"https:\\\/\\\/kurs.si\\\/wp-content\\\/uploads\\\/2023\\\/02\\\/Untitled-1.png\",\"datePublished\":\"2020-04-13T09:18:54+00:00\",\"dateModified\":\"2024-04-12T14:43:18+00:00\",\"breadcrumb\":{\"@id\":\"https:\\\/\\\/kurs.si\\\/#breadcrumb\"},\"inLanguage\":\"sl-SI\",\"potentialAction\":[{\"@type\":\"ReadAction\",\"target\":[\"https:\\\/\\\/kurs.si\\\/\"]}]},{\"@type\":\"ImageObject\",\"inLanguage\":\"sl-SI\",\"@id\":\"https:\\\/\\\/kurs.si\\\/#primaryimage\",\"url\":\"https:\\\/\\\/kurs.si\\\/wp-content\\\/uploads\\\/2023\\\/02\\\/Untitled-1.png\",\"contentUrl\":\"https:\\\/\\\/kurs.si\\\/wp-content\\\/uploads\\\/2023\\\/02\\\/Untitled-1.png\",\"width\":1605,\"height\":1080},{\"@type\":\"BreadcrumbList\",\"@id\":\"https:\\\/\\\/kurs.si\\\/#breadcrumb\",\"itemListElement\":[{\"@type\":\"ListItem\",\"position\":1,\"name\":\"Home\",\"item\":\"https:\\\/\\\/kurs.si\\\/\"},{\"@type\":\"ListItem\",\"position\":2,\"name\":\"Domov\"}]},{\"@type\":\"WebSite\",\"@id\":\"https:\\\/\\\/kurs.si\\\/#website\",\"url\":\"https:\\\/\\\/kurs.si\\\/\",\"name\":\"Kurs\",\"description\":\"Klub &scaron;tudentov Ru&scaron;, Selnice in lovrenca\",\"publisher\":{\"@id\":\"https:\\\/\\\/kurs.si\\\/#organization\"},\"potentialAction\":[{\"@type\":\"SearchAction\",\"target\":{\"@type\":\"EntryPoint\",\"urlTemplate\":\"https:\\\/\\\/kurs.si\\\/?s={search_term_string}\"},\"query-input\":{\"@type\":\"PropertyValueSpecification\",\"valueRequired\":true,\"valueName\":\"search_term_string\"}}],\"inLanguage\":\"sl-SI\"},{\"@type\":\"Organization\",\"@id\":\"https:\\\/\\\/kurs.si\\\/#organization\",\"name\":\"Klub \u0161tudentov Ru\u0161, selnice in Lovrenca\",\"url\":\"https:\\\/\\\/kurs.si\\\/\",\"logo\":{\"@type\":\"ImageObject\",\"inLanguage\":\"sl-SI\",\"@id\":\"https:\\\/\\\/kurs.si\\\/#\\\/schema\\\/logo\\\/image\\\/\",\"url\":\"https:\\\/\\\/kurs.si\\\/wp-content\\\/uploads\\\/2021\\\/12\\\/cropped-cropped-Kurs-logotip-2.png\",\"contentUrl\":\"https:\\\/\\\/kurs.si\\\/wp-content\\\/uploads\\\/2021\\\/12\\\/cropped-cropped-Kurs-logotip-2.png\",\"width\":250,\"height\":250,\"caption\":\"Klub \u0161tudentov Ru\u0161, selnice in Lovrenca\"},\"image\":{\"@id\":\"https:\\\/\\\/kurs.si\\\/#\\\/schema\\\/logo\\\/image\\\/\"},\"sameAs\":[\"https:\\\/\\\/www.facebook.com\\\/klubKURS\",\"https:\\\/\\\/www.instagram.com\\\/kursklub\\\/\"]}]}<\/script>\n<!-- \/ Yoast SEO plugin. -->","yoast_head_json":{"title":"Domov - Kurs","robots":{"index":"index","follow":"follow","max-snippet":"max-snippet:-1","max-image-preview":"max-image-preview:large","max-video-preview":"max-video-preview:-1"},"canonical":"https:\/\/kurs.si\/","twitter_card":"summary_large_image","twitter_title":"Domov - Kurs","twitter_description":"PRIDRU\u017dI SE NAM! O Klubu Novice &amp; Dogodki Preveri najnovej\u0161e dogodke in novice.&nbsp; Preveri zdaj \u010clanstvo &amp; Ugodnosti V\u010dlani se v klub KURS in preveri katere ugodnosti ti nudimo. Preveri zdaj Sledi nam na dru\u017ebenih omre\u017ejih Facebook-f Instagram","twitter_image":"https:\/\/kurs.si\/wp-content\/uploads\/2023\/02\/Untitled-1.png","twitter_misc":{"Est. reading time":"1 minuta"},"schema":{"@context":"https:\/\/schema.org","@graph":[{"@type":"WebPage","@id":"https:\/\/kurs.si\/","url":"https:\/\/kurs.si\/","name":"Domov - Kurs","isPartOf":{"@id":"https:\/\/kurs.si\/#website"},"primaryImageOfPage":{"@id":"https:\/\/kurs.si\/#primaryimage"},"image":{"@id":"https:\/\/kurs.si\/#primaryimage"},"thumbnailUrl":"https:\/\/kurs.si\/wp-content\/uploads\/2023\/02\/Untitled-1.png","datePublished":"2020-04-13T09:18:54+00:00","dateModified":"2024-04-12T14:43:18+00:00","breadcrumb":{"@id":"https:\/\/kurs.si\/#breadcrumb"},"inLanguage":"sl-SI","potentialAction":[{"@type":"ReadAction","target":["https:\/\/kurs.si\/"]}]},{"@type":"ImageObject","inLanguage":"sl-SI","@id":"https:\/\/kurs.si\/#primaryimage","url":"https:\/\/kurs.si\/wp-content\/uploads\/2023\/02\/Untitled-1.png","contentUrl":"https:\/\/kurs.si\/wp-content\/uploads\/2023\/02\/Untitled-1.png","width":1605,"height":1080},{"@type":"BreadcrumbList","@id":"https:\/\/kurs.si\/#breadcrumb","itemListElement":[{"@type":"ListItem","position":1,"name":"Home","item":"https:\/\/kurs.si\/"},{"@type":"ListItem","position":2,"name":"Domov"}]},{"@type":"WebSite","@id":"https:\/\/kurs.si\/#website","url":"https:\/\/kurs.si\/","name":"Kurs","description":"Klub &scaron;tudentov Ru&scaron;, Selnice in lovrenca","publisher":{"@id":"https:\/\/kurs.si\/#organization"},"potentialAction":[{"@type":"SearchAction","target":{"@type":"EntryPoint","urlTemplate":"https:\/\/kurs.si\/?s={search_term_string}"},"query-input":{"@type":"PropertyValueSpecification","valueRequired":true,"valueName":"search_term_string"}}],"inLanguage":"sl-SI"},{"@type":"Organization","@id":"https:\/\/kurs.si\/#organization","name":"Klub \u0161tudentov Ru\u0161, selnice in Lovrenca","url":"https:\/\/kurs.si\/","logo":{"@type":"ImageObject","inLanguage":"sl-SI","@id":"https:\/\/kurs.si\/#\/schema\/logo\/image\/","url":"https:\/\/kurs.si\/wp-content\/uploads\/2021\/12\/cropped-cropped-Kurs-logotip-2.png","contentUrl":"https:\/\/kurs.si\/wp-content\/uploads\/2021\/12\/cropped-cropped-Kurs-logotip-2.png","width":250,"height":250,"caption":"Klub \u0161tudentov Ru\u0161, selnice in Lovrenca"},"image":{"@id":"https:\/\/kurs.si\/#\/schema\/logo\/image\/"},"sameAs":["https:\/\/www.facebook.com\/klubKURS","https:\/\/www.instagram.com\/kursklub\/"]}]}},"_links":{"self":[{"href":"https:\/\/kurs.si\/index.php?rest_route=\/wp\/v2\/pages\/30","targetHints":{"allow":["GET"]}}],"collection":[{"href":"https:\/\/kurs.si\/index.php?rest_route=\/wp\/v2\/pages"}],"about":[{"href":"https:\/\/kurs.si\/index.php?rest_route=\/wp\/v2\/types\/page"}],"author":[{"embeddable":true,"href":"https:\/\/kurs.si\/index.php?rest_route=\/wp\/v2\/users\/422"}],"replies":[{"embeddable":true,"href":"https:\/\/kurs.si\/index.php?rest_route=%2Fwp%2Fv2%2Fcomments&post=30"}],"version-history":[{"count":3,"href":"https:\/\/kurs.si\/index.php?rest_route=\/wp\/v2\/pages\/30\/revisions"}],"predecessor-version":[{"id":17000,"href":"https:\/\/kurs.si\/index.php?rest_route=\/wp\/v2\/pages\/30\/revisions\/17000"}],"wp:attachment":[{"href":"https:\/\/kurs.si\/index.php?rest_route=%2Fwp%2Fv2%2Fmedia&parent=30"}],"curies":[{"name":"wp","href":"https:\/\/api.w.org\/{rel}","templated":true}]}}