{"id":16707,"date":"2023-02-27T19:07:32","date_gmt":"2023-02-27T18:07:32","guid":{"rendered":"https:\/\/kurs.si\/?page_id=16707"},"modified":"2024-04-12T16:42:51","modified_gmt":"2024-04-12T14:42:51","slug":"postani-clan","status":"publish","type":"page","link":"https:\/\/kurs.si\/?page_id=16707","title":{"rendered":"POSTANI \u010cLAN"},"content":{"rendered":"\t\t<div data-elementor-type=\"wp-page\" data-elementor-id=\"16707\" class=\"elementor elementor-16707\">\n\t\t\t\t\t\t<section class=\"elementor-section elementor-top-section elementor-element elementor-element-uriu63i elementor-section-boxed elementor-section-height-default elementor-section-height-default\" data-id=\"uriu63i\" data-element_type=\"section\" data-e-type=\"section\" data-settings=\"{&quot;background_background&quot;:&quot;classic&quot;}\">\n\t\t\t\t\t\t\t<div class=\"elementor-background-overlay\"><\/div>\n\t\t\t\t\t\t\t<div class=\"elementor-container elementor-column-gap-default\">\n\t\t\t\t\t<div class=\"elementor-column elementor-col-100 elementor-top-column elementor-element elementor-element-1f841ba\" data-id=\"1f841ba\" data-element_type=\"column\" data-e-type=\"column\">\n\t\t\t<div class=\"elementor-widget-wrap elementor-element-populated\">\n\t\t\t\t\t\t<div class=\"elementor-element elementor-element-365ba0bd elementor-widget elementor-widget-heading\" data-id=\"365ba0bd\" data-element_type=\"widget\" data-e-type=\"widget\" data-widget_type=\"heading.default\">\n\t\t\t\t<div class=\"elementor-widget-container\">\n\t\t\t\t\t<h1 class=\"elementor-heading-title elementor-size-default\">Postani \u010dlan<\/h1>\t\t\t\t<\/div>\n\t\t\t\t<\/div>\n\t\t\t\t\t<\/div>\n\t\t<\/div>\n\t\t\t\t\t<\/div>\n\t\t<\/section>\n\t\t\t\t<section class=\"elementor-section elementor-top-section elementor-element elementor-element-e780f12 elementor-section-content-middle elementor-section-boxed elementor-section-height-default elementor-section-height-default\" data-id=\"e780f12\" data-element_type=\"section\" data-e-type=\"section\" data-settings=\"{&quot;background_background&quot;:&quot;classic&quot;}\">\n\t\t\t\t\t\t\t<div class=\"elementor-background-overlay\"><\/div>\n\t\t\t\t\t\t\t<div class=\"elementor-container elementor-column-gap-no\">\n\t\t\t\t\t<div class=\"elementor-column elementor-col-100 elementor-top-column elementor-element elementor-element-961a9f9\" data-id=\"961a9f9\" data-element_type=\"column\" data-e-type=\"column\" data-settings=\"{&quot;background_background&quot;:&quot;classic&quot;}\">\n\t\t\t<div class=\"elementor-widget-wrap elementor-element-populated\">\n\t\t\t\t\t\t<div class=\"elementor-element elementor-element-d847475 elementor-widget elementor-widget-heading\" data-id=\"d847475\" data-element_type=\"widget\" data-e-type=\"widget\" data-widget_type=\"heading.default\">\n\t\t\t\t<div class=\"elementor-widget-container\">\n\t\t\t\t\t<h3 class=\"elementor-heading-title elementor-size-default\">Postani \u010dlan<\/h3>\t\t\t\t<\/div>\n\t\t\t\t<\/div>\n\t\t\t\t<div class=\"elementor-element elementor-element-a07d4dd elementor-align-center elementor-widget elementor-widget-button\" data-id=\"a07d4dd\" data-element_type=\"widget\" data-e-type=\"widget\" data-widget_type=\"button.default\">\n\t\t\t\t<div class=\"elementor-widget-container\">\n\t\t\t\t\t\t\t\t\t<div class=\"elementor-button-wrapper\">\n\t\t\t\t\t<a class=\"elementor-button elementor-button-link elementor-size-xs\" href=\"https:\/\/kurs.si\/wp-content\/uploads\/2024\/04\/PRISTOPNA-IZJAVA-Kluba-studentov-Rus-Selnice-in-Lovrenca.pdf\">\n\t\t\t\t\t\t<span class=\"elementor-button-content-wrapper\">\n\t\t\t\t\t\t\t\t\t<span class=\"elementor-button-text\">Prenesi pristopno izjavo<\/span>\n\t\t\t\t\t<\/span>\n\t\t\t\t\t<\/a>\n\t\t\t\t<\/div>\n\t\t\t\t\t\t\t\t<\/div>\n\t\t\t\t<\/div>\n\t\t\t\t<div class=\"elementor-element elementor-element-21a852b elementor-widget elementor-widget-shortcode\" data-id=\"21a852b\" data-element_type=\"widget\" data-e-type=\"widget\" data-widget_type=\"shortcode.default\">\n\t\t\t\t<div class=\"elementor-widget-container\">\n\t\t\t\t\t\t\t<div class=\"elementor-shortcode\"><div class=\"forminator-ui forminator-custom-form forminator-custom-form-14647 forminator-design--default forminator-enclosed forminator_ajax\" data-forminator-render=\"0\" data-form=\"forminator-module-14647\" data-uid=\"6a09b71f82f43\"><br\/><\/div><form\n\t\t\t\tid=\"forminator-module-14647\"\n\t\t\t\tclass=\"forminator-ui forminator-custom-form forminator-custom-form-14647 forminator-design--default forminator-enclosed forminator_ajax\"\n\t\t\t\tmethod=\"post\"\n\t\t\t\tdata-forminator-render=\"0\"\n\t\t\t\tdata-form-id=\"14647\"\n\t\t\t\tenctype=\"multipart\/form-data\" data-color-option=\"default\" data-design=\"default\" data-grid=\"enclosed\" style=\"display: none;\"\n\t\t\t\tdata-uid=\"6a09b71f82f43\"\n\t\t\t><div role=\"alert\" aria-live=\"polite\" class=\"forminator-response-message forminator-error\" aria-hidden=\"true\"><\/div><div class=\"forminator-row\"><div id=\"upload-1\" class=\"forminator-field-upload forminator-col forminator-col-6 \"><div class=\"forminator-field\"><label for=\"forminator-field-upload-1_6a09b71f82f43\" id=\"forminator-field-upload-1_6a09b71f82f43-label\" class=\"forminator-label\">Nalo\u017ei potrdilo o vpisu.<\/label><div class=\"forminator-file-upload \" data-element=\"upload-1_6a09b71f82f43\" aria-describedby=\"forminator-field-upload-1_6a09b71f82f43-description\"><input type=\"file\" name=\"upload-1\" id=\"forminator-field-upload-1_6a09b71f82f43\" class=\"forminator-input-file\" accept=\".jpg,.jpeg,.jpe,.gif,.png,.bmp,.tiff,.tif,.webp,.ico,.heic,.asf,.asx,.wmv,.wmx,.wm,.avi,.divx,.flv,.mov,.qt,.mpeg,.mpg,.mpe,.mp4,.m4v,.ogv,.webm,.mkv,.3gp,.3gpp,.3g2,.3gp2,.txt,.asc,.c,.cc,.h,.srt,.csv,.tsv,.ics,.rtx,.vtt,.mp3,.m4a,.m4b,.aac,.ra,.ram,.wav,.ogg,.oga,.flac,.mid,.midi,.wma,.wax,.mka,.rtf,.pdf,.class,.tar,.zip,.gz,.gzip,.7z,.psd,.xcf,.doc,.pot,.pps,.ppt,.wri,.xla,.xls,.xlt,.xlw,.mdb,.mpp,.docx,.docm,.dotx,.dotm,.xlsx,.xlsm,.xlsb,.xltx,.xltm,.xlam,.pptx,.pptm,.ppsx,.ppsm,.potx,.potm,.ppam,.sldx,.sldm,.onetoc,.onetoc2,.onetmp,.onepkg,.oxps,.xps,.odt,.odp,.ods,.odg,.odc,.odb,.odf,.wp,.wpd,.key,.numbers,.pages\" tabindex=\"-1\"><button id=\"forminator-field-upload-1_6a09b71f82f43_button\" class=\"forminator-button forminator-button-upload\" data-id=\"forminator-field-upload-1_6a09b71f82f43\">Choose File<\/button><span data-empty-text=\"No file chosen\">No file chosen<\/span><button class=\"forminator-button-delete\" style=\"display: none;\"><i class=\"forminator-icon-close\" aria-hidden=\"true\"><\/i><span class=\"forminator-screen-reader-only\">Delete uploaded file<\/span><\/button><\/div><span id=\"forminator-field-upload-1_6a09b71f82f43-description\" class=\"forminator-description\">Tukaj nalo\u017eite skenirano potrdilo o vpisu.<\/span><\/div><\/div><div id=\"upload-2\" class=\"forminator-field-upload forminator-col forminator-col-6 \"><div class=\"forminator-field\"><label for=\"forminator-field-upload-2_6a09b71f82f43\" id=\"forminator-field-upload-2_6a09b71f82f43-label\" class=\"forminator-label\">Nalo\u017ei pristopno izjavo.<\/label><div class=\"forminator-file-upload \" data-element=\"upload-2_6a09b71f82f43\" aria-describedby=\"forminator-field-upload-2_6a09b71f82f43-description\"><input type=\"file\" name=\"upload-2\" id=\"forminator-field-upload-2_6a09b71f82f43\" class=\"forminator-input-file\" accept=\".jpg,.jpeg,.jpe,.gif,.png,.bmp,.tiff,.tif,.webp,.ico,.heic,.asf,.asx,.wmv,.wmx,.wm,.avi,.divx,.flv,.mov,.qt,.mpeg,.mpg,.mpe,.mp4,.m4v,.ogv,.webm,.mkv,.3gp,.3gpp,.3g2,.3gp2,.txt,.asc,.c,.cc,.h,.srt,.csv,.tsv,.ics,.rtx,.vtt,.mp3,.m4a,.m4b,.aac,.ra,.ram,.wav,.ogg,.oga,.flac,.mid,.midi,.wma,.wax,.mka,.rtf,.pdf,.class,.tar,.zip,.gz,.gzip,.7z,.psd,.xcf,.doc,.pot,.pps,.ppt,.wri,.xla,.xls,.xlt,.xlw,.mdb,.mpp,.docx,.docm,.dotx,.dotm,.xlsx,.xlsm,.xlsb,.xltx,.xltm,.xlam,.pptx,.pptm,.ppsx,.ppsm,.potx,.potm,.ppam,.sldx,.sldm,.onetoc,.onetoc2,.onetmp,.onepkg,.oxps,.xps,.odt,.odp,.ods,.odg,.odc,.odb,.odf,.wp,.wpd,.key,.numbers,.pages\" tabindex=\"-1\"><button id=\"forminator-field-upload-2_6a09b71f82f43_button\" class=\"forminator-button forminator-button-upload\" data-id=\"forminator-field-upload-2_6a09b71f82f43\">Choose File<\/button><span data-empty-text=\"No file chosen\">No file chosen<\/span><button class=\"forminator-button-delete\" style=\"display: none;\"><i class=\"forminator-icon-close\" aria-hidden=\"true\"><\/i><span class=\"forminator-screen-reader-only\">Delete uploaded file<\/span><\/button><\/div><span id=\"forminator-field-upload-2_6a09b71f82f43-description\" class=\"forminator-description\">Tukaj nalo\u017eite skenirano izpolnjeno pristopno izjavo. (lahko tudi sliko)<\/span><\/div><\/div><\/div><div class=\"forminator-row\"><div id=\"checkbox-1\" class=\"forminator-field-checkbox forminator-col forminator-col-12 \"><div role=\"group\" class=\"forminator-field required\" aria-labelledby=\"forminator-checkbox-group-forminator-field-checkbox-1-6a09b71f82f43-label\"><span id=\"forminator-checkbox-group-forminator-field-checkbox-1-6a09b71f82f43-label\" class=\"forminator-label\">Strinjam se z obdelavo podatkov. <span class=\"forminator-required\">*<\/span><\/span><label id=\"forminator-field-checkbox-1-1-6a09b71f82f43-label\" for=\"forminator-field-checkbox-1-1-6a09b71f82f43\" class=\"forminator-checkbox\" title=\"DA\"><input type=\"checkbox\" name=\"checkbox-1[]\" value=\"DA\" id=\"forminator-field-checkbox-1-1-6a09b71f82f43\" aria-labelledby=\"forminator-field-checkbox-1-1-6a09b71f82f43-label\" data-calculation=\"0\"  \/><span class=\"forminator-checkbox-box\" aria-hidden=\"true\"><\/span><span class=\"forminator-checkbox-label\">DA<\/span><\/label><\/div><\/div><\/div><input type=\"hidden\" name=\"referer_url\" value=\"\" \/><div class=\"forminator-row forminator-row-last\"><div class=\"forminator-col\"><div class=\"forminator-field\"><button class=\"forminator-button forminator-button-submit\">V\u010dlanitev<\/button><\/div><\/div><\/div><input type=\"hidden\" id=\"forminator_nonce\" name=\"forminator_nonce\" value=\"b128e87842\" \/><input type=\"hidden\" name=\"_wp_http_referer\" value=\"\/index.php?rest_route=%2Fwp%2Fv2%2Fpages%2F16707\" \/><input type=\"hidden\" name=\"form_id\" value=\"14647\"><input type=\"hidden\" name=\"page_id\" value=\"16707\"><input type=\"hidden\" name=\"form_type\" value=\"default\"><input type=\"hidden\" name=\"current_url\" value=\"https:\/\/kurs.si\/?page_id=16707\"><input type=\"hidden\" name=\"render_id\" value=\"0\"><input type=\"hidden\" name=\"action\" value=\"forminator_submit_form_custom-forms\"><\/form><\/div>\n\t\t\t\t\t\t<\/div>\n\t\t\t\t<\/div>\n\t\t\t\t\t<\/div>\n\t\t<\/div>\n\t\t\t\t\t<\/div>\n\t\t<\/section>\n\t\t\t\t<\/div>\n\t\t","protected":false},"excerpt":{"rendered":"<p>Postani \u010dlan Postani \u010dlan Prenesi pristopno izjavo<\/p>\n","protected":false},"author":422,"featured_media":0,"parent":0,"menu_order":0,"comment_status":"closed","ping_status":"closed","template":"","meta":{"site-sidebar-layout":"no-sidebar","site-content-layout":"page-builder","ast-site-content-layout":"default","site-content-style":"default","site-sidebar-style":"default","ast-global-header-display":"","ast-banner-title-visibility":"","ast-main-header-display":"","ast-hfb-above-header-display":"","ast-hfb-below-header-display":"","ast-hfb-mobile-header-display":"","site-post-title":"disabled","ast-breadcrumbs-content":"","ast-featured-img":"disabled","footer-sml-layout":"","ast-disable-related-posts":"","theme-transparent-header-meta":"","adv-header-id-meta":"","stick-header-meta":"","header-above-stick-meta":"","header-main-stick-meta":"","header-below-stick-meta":"","astra-migrate-meta-layouts":"default","ast-page-background-enabled":"default","ast-page-background-meta":{"desktop":{"background-color":"","background-image":"","background-repeat":"repeat","background-position":"center center","background-size":"auto","background-attachment":"scroll","background-type":"","background-media":"","overlay-type":"","overlay-color":"","overlay-opacity":"","overlay-gradient":""},"tablet":{"background-color":"","background-image":"","background-repeat":"repeat","background-position":"center center","background-size":"auto","background-attachment":"scroll","background-type":"","background-media":"","overlay-type":"","overlay-color":"","overlay-opacity":"","overlay-gradient":""},"mobile":{"background-color":"","background-image":"","background-repeat":"repeat","background-position":"center center","background-size":"auto","background-attachment":"scroll","background-type":"","background-media":"","overlay-type":"","overlay-color":"","overlay-opacity":"","overlay-gradient":""}},"ast-content-background-meta":{"desktop":{"background-color":"var(--ast-global-color-5)","background-image":"","background-repeat":"repeat","background-position":"center center","background-size":"auto","background-attachment":"scroll","background-type":"","background-media":"","overlay-type":"","overlay-color":"","overlay-opacity":"","overlay-gradient":""},"tablet":{"background-color":"var(--ast-global-color-5)","background-image":"","background-repeat":"repeat","background-position":"center center","background-size":"auto","background-attachment":"scroll","background-type":"","background-media":"","overlay-type":"","overlay-color":"","overlay-opacity":"","overlay-gradient":""},"mobile":{"background-color":"var(--ast-global-color-5)","background-image":"","background-repeat":"repeat","background-position":"center center","background-size":"auto","background-attachment":"scroll","background-type":"","background-media":"","overlay-type":"","overlay-color":"","overlay-opacity":"","overlay-gradient":""}},"footnotes":""},"class_list":["post-16707","page","type-page","status-publish","hentry"],"yoast_head":"<!-- This site is optimized with the Yoast SEO plugin v27.6 - https:\/\/yoast.com\/product\/yoast-seo-wordpress\/ -->\n<title>POSTANI \u010cLAN - Kurs<\/title>\n<meta name=\"robots\" content=\"index, follow, max-snippet:-1, max-image-preview:large, max-video-preview:-1\" \/>\n<link rel=\"canonical\" href=\"https:\/\/kurs.si\/?page_id=16707\" \/>\n<meta name=\"twitter:card\" content=\"summary_large_image\" \/>\n<meta name=\"twitter:title\" content=\"POSTANI \u010cLAN - Kurs\" \/>\n<meta name=\"twitter:description\" content=\"Postani \u010dlan Postani \u010dlan Prenesi pristopno izjavo\" \/>\n<meta name=\"twitter:label1\" content=\"Est. reading time\" \/>\n\t<meta name=\"twitter:data1\" content=\"1 minuta\" \/>\n<script type=\"application\/ld+json\" class=\"yoast-schema-graph\">{\"@context\":\"https:\\\/\\\/schema.org\",\"@graph\":[{\"@type\":\"WebPage\",\"@id\":\"https:\\\/\\\/kurs.si\\\/?page_id=16707\",\"url\":\"https:\\\/\\\/kurs.si\\\/?page_id=16707\",\"name\":\"POSTANI \u010cLAN - Kurs\",\"isPartOf\":{\"@id\":\"https:\\\/\\\/kurs.si\\\/#website\"},\"datePublished\":\"2023-02-27T18:07:32+00:00\",\"dateModified\":\"2024-04-12T14:42:51+00:00\",\"breadcrumb\":{\"@id\":\"https:\\\/\\\/kurs.si\\\/?page_id=16707#breadcrumb\"},\"inLanguage\":\"sl-SI\",\"potentialAction\":[{\"@type\":\"ReadAction\",\"target\":[\"https:\\\/\\\/kurs.si\\\/?page_id=16707\"]}]},{\"@type\":\"BreadcrumbList\",\"@id\":\"https:\\\/\\\/kurs.si\\\/?page_id=16707#breadcrumb\",\"itemListElement\":[{\"@type\":\"ListItem\",\"position\":1,\"name\":\"Home\",\"item\":\"https:\\\/\\\/kurs.si\\\/\"},{\"@type\":\"ListItem\",\"position\":2,\"name\":\"POSTANI \u010cLAN\"}]},{\"@type\":\"WebSite\",\"@id\":\"https:\\\/\\\/kurs.si\\\/#website\",\"url\":\"https:\\\/\\\/kurs.si\\\/\",\"name\":\"Kurs\",\"description\":\"Klub &scaron;tudentov Ru&scaron;, Selnice in lovrenca\",\"publisher\":{\"@id\":\"https:\\\/\\\/kurs.si\\\/#organization\"},\"potentialAction\":[{\"@type\":\"SearchAction\",\"target\":{\"@type\":\"EntryPoint\",\"urlTemplate\":\"https:\\\/\\\/kurs.si\\\/?s={search_term_string}\"},\"query-input\":{\"@type\":\"PropertyValueSpecification\",\"valueRequired\":true,\"valueName\":\"search_term_string\"}}],\"inLanguage\":\"sl-SI\"},{\"@type\":\"Organization\",\"@id\":\"https:\\\/\\\/kurs.si\\\/#organization\",\"name\":\"Klub \u0161tudentov Ru\u0161, selnice in Lovrenca\",\"url\":\"https:\\\/\\\/kurs.si\\\/\",\"logo\":{\"@type\":\"ImageObject\",\"inLanguage\":\"sl-SI\",\"@id\":\"https:\\\/\\\/kurs.si\\\/#\\\/schema\\\/logo\\\/image\\\/\",\"url\":\"https:\\\/\\\/kurs.si\\\/wp-content\\\/uploads\\\/2021\\\/12\\\/cropped-cropped-Kurs-logotip-2.png\",\"contentUrl\":\"https:\\\/\\\/kurs.si\\\/wp-content\\\/uploads\\\/2021\\\/12\\\/cropped-cropped-Kurs-logotip-2.png\",\"width\":250,\"height\":250,\"caption\":\"Klub \u0161tudentov Ru\u0161, selnice in Lovrenca\"},\"image\":{\"@id\":\"https:\\\/\\\/kurs.si\\\/#\\\/schema\\\/logo\\\/image\\\/\"},\"sameAs\":[\"https:\\\/\\\/www.facebook.com\\\/klubKURS\",\"https:\\\/\\\/www.instagram.com\\\/kursklub\\\/\"]}]}<\/script>\n<!-- \/ Yoast SEO plugin. -->","yoast_head_json":{"title":"POSTANI \u010cLAN - Kurs","robots":{"index":"index","follow":"follow","max-snippet":"max-snippet:-1","max-image-preview":"max-image-preview:large","max-video-preview":"max-video-preview:-1"},"canonical":"https:\/\/kurs.si\/?page_id=16707","twitter_card":"summary_large_image","twitter_title":"POSTANI \u010cLAN - Kurs","twitter_description":"Postani \u010dlan Postani \u010dlan Prenesi pristopno izjavo","twitter_misc":{"Est. reading time":"1 minuta"},"schema":{"@context":"https:\/\/schema.org","@graph":[{"@type":"WebPage","@id":"https:\/\/kurs.si\/?page_id=16707","url":"https:\/\/kurs.si\/?page_id=16707","name":"POSTANI \u010cLAN - Kurs","isPartOf":{"@id":"https:\/\/kurs.si\/#website"},"datePublished":"2023-02-27T18:07:32+00:00","dateModified":"2024-04-12T14:42:51+00:00","breadcrumb":{"@id":"https:\/\/kurs.si\/?page_id=16707#breadcrumb"},"inLanguage":"sl-SI","potentialAction":[{"@type":"ReadAction","target":["https:\/\/kurs.si\/?page_id=16707"]}]},{"@type":"BreadcrumbList","@id":"https:\/\/kurs.si\/?page_id=16707#breadcrumb","itemListElement":[{"@type":"ListItem","position":1,"name":"Home","item":"https:\/\/kurs.si\/"},{"@type":"ListItem","position":2,"name":"POSTANI \u010cLAN"}]},{"@type":"WebSite","@id":"https:\/\/kurs.si\/#website","url":"https:\/\/kurs.si\/","name":"Kurs","description":"Klub &scaron;tudentov Ru&scaron;, Selnice in lovrenca","publisher":{"@id":"https:\/\/kurs.si\/#organization"},"potentialAction":[{"@type":"SearchAction","target":{"@type":"EntryPoint","urlTemplate":"https:\/\/kurs.si\/?s={search_term_string}"},"query-input":{"@type":"PropertyValueSpecification","valueRequired":true,"valueName":"search_term_string"}}],"inLanguage":"sl-SI"},{"@type":"Organization","@id":"https:\/\/kurs.si\/#organization","name":"Klub \u0161tudentov Ru\u0161, selnice in Lovrenca","url":"https:\/\/kurs.si\/","logo":{"@type":"ImageObject","inLanguage":"sl-SI","@id":"https:\/\/kurs.si\/#\/schema\/logo\/image\/","url":"https:\/\/kurs.si\/wp-content\/uploads\/2021\/12\/cropped-cropped-Kurs-logotip-2.png","contentUrl":"https:\/\/kurs.si\/wp-content\/uploads\/2021\/12\/cropped-cropped-Kurs-logotip-2.png","width":250,"height":250,"caption":"Klub \u0161tudentov Ru\u0161, selnice in Lovrenca"},"image":{"@id":"https:\/\/kurs.si\/#\/schema\/logo\/image\/"},"sameAs":["https:\/\/www.facebook.com\/klubKURS","https:\/\/www.instagram.com\/kursklub\/"]}]}},"_links":{"self":[{"href":"https:\/\/kurs.si\/index.php?rest_route=\/wp\/v2\/pages\/16707","targetHints":{"allow":["GET"]}}],"collection":[{"href":"https:\/\/kurs.si\/index.php?rest_route=\/wp\/v2\/pages"}],"about":[{"href":"https:\/\/kurs.si\/index.php?rest_route=\/wp\/v2\/types\/page"}],"author":[{"embeddable":true,"href":"https:\/\/kurs.si\/index.php?rest_route=\/wp\/v2\/users\/422"}],"replies":[{"embeddable":true,"href":"https:\/\/kurs.si\/index.php?rest_route=%2Fwp%2Fv2%2Fcomments&post=16707"}],"version-history":[{"count":3,"href":"https:\/\/kurs.si\/index.php?rest_route=\/wp\/v2\/pages\/16707\/revisions"}],"predecessor-version":[{"id":16997,"href":"https:\/\/kurs.si\/index.php?rest_route=\/wp\/v2\/pages\/16707\/revisions\/16997"}],"wp:attachment":[{"href":"https:\/\/kurs.si\/index.php?rest_route=%2Fwp%2Fv2%2Fmedia&parent=16707"}],"curies":[{"name":"wp","href":"https:\/\/api.w.org\/{rel}","templated":true}]}}